{"id":2411,"date":"2024-02-01T19:27:32","date_gmt":"2024-02-02T01:27:32","guid":{"rendered":"https:\/\/neumaticadelta.com\/privacy-policy\/"},"modified":"2024-03-13T21:43:47","modified_gmt":"2024-03-14T03:43:47","slug":"privacy-policy","status":"publish","type":"page","link":"https:\/\/neumaticadelta.com\/en\/privacy-policy\/","title":{"rendered":"Privacy Policy"},"content":{"rendered":"\t\t<div data-elementor-type=\"wp-page\" data-elementor-id=\"2411\" class=\"elementor elementor-2411 elementor-3\" data-elementor-post-type=\"page\">\n\t\t\t\t<div class=\"elementor-element elementor-element-774378fb e-flex e-con-boxed e-con e-parent\" data-id=\"774378fb\" data-element_type=\"container\" data-e-type=\"container\">\n\t\t\t\t\t<div class=\"e-con-inner\">\n\t\t\t\t<div class=\"elementor-element elementor-element-4955889 elementor-widget elementor-widget-heading\" data-id=\"4955889\" data-element_type=\"widget\" data-e-type=\"widget\" data-widget_type=\"heading.default\">\n\t\t\t\t<div class=\"elementor-widget-container\">\n\t\t\t\t\t<h2 class=\"elementor-heading-title elementor-size-default\">Privacy Policy<\/h2>\t\t\t\t<\/div>\n\t\t\t\t<\/div>\n\t\t\t\t<div class=\"elementor-element elementor-element-4baa02ca elementor-widget elementor-widget-text-editor\" data-id=\"4baa02ca\" data-element_type=\"widget\" data-e-type=\"widget\" data-widget_type=\"text-editor.default\">\n\t\t\t\t<div class=\"elementor-widget-container\">\n\t\t\t\t\t\t\t\t\t\n<p style=\"text-align: justify;\"><span style=\"color: #333333;\">Based on articles 15 and 16 of the Federal Law for the Protection of Personal Data in Possession of Individuals, we inform you that &#8220;Neum\u00e1tica, Vac\u00edo y Servicios Delta&#8221;,<\/span><span style=\"color: #333333;\"> hereinafter also referred to as &#8220;The Responsible Party&#8221;, with domicile at: Condominio Torre IXCO, Av L\u00e1zaro C\u00e1rdenas, Zona San Agust\u00edn, San Pedro Garza Garc\u00eda, Nuevo Le\u00f3n, C.P. 66260<\/span><span style=\"color: #333333; font-family: var( --e-global-typography-text-font-family ), Sans-serif; font-weight: var( --e-global-typography-text-font-weight ); font-size: 1rem;\">; is the responsible for collecting your personal data, the use given to them and their protection; therefore we inform you of the following:<\/span><\/p>\n<p style=\"text-align: justify;\"><span style=\"color: #333333;\"><strong>1. Purposes for which your personal data will be used.<\/strong><\/span><\/p>\n<p style=\"text-align: justify;\"><span style=\"color: #333333;\">The Responsible will collect the personal information that you freely and voluntarily provide which will be used for the following purposes: to provide the services and products that you have requested; to notify you about new services or products that are related to the ones already contracted or acquired; to inform you about changes in them; to elaborate studies and programs that are necessary to determine consumption habits; to make periodic evaluations of our products and services in order to improve their quality; to evaluate the quality of the service that we provide, and in general, to comply with the obligations that we have contracted with you.<\/span><\/p>\n<p style=\"text-align: justify;\"><span style=\"color: #333333;\"><strong>2. Personal data we collect and from where<\/strong><\/span><\/p>\n<p style=\"text-align: justify;\"><span style=\"color: #333333;\">For the purposes outlined in this Privacy Notice, we may collect your personal data when you provide it to us directly, either in person, by telephone or electronically, and whenever we obtain information through other sources that are permitted by law.<\/span><\/p>\n<p style=\"text-align: justify;\"><span style=\"color: #333333;\">The personal data we will request from suppliers and service providers are: Full name, address and telephone number, Federal Taxpayers Registry (RFC), bank details (account number and interbank account number), tax registration and email address.<\/span><\/p>\n<p style=\"text-align: justify;\"><span style=\"color: #333333;\">The personal data that we will request to clients are: Full name, address and telephone number(s), Federal Taxpayers Registry (RFC), Unique Population Registry Code (CURP), e-mail, city, line of business.<\/span><\/p>\n<p style=\"text-align: justify;\"><span style=\"color: #333333;\"><strong>3. With whom your Personal Data is shared<\/strong><\/span><\/p>\n<p style=\"text-align: justify;\"><span style=\"color: #333333;\">We inform you that your personal data may be shared inside the country with External Advisors Firms, Companies specialized in Collection, as well as Related Parties Companies. The Responsible may disclose or allow access to the Personal Data you provide to us, for commercial, statistical purposes, to comply with the applicable legislation, by requirement of the competent authority, or in the exercise and defense of a right in judicial process.<\/span><\/p>\n<p style=\"text-align: justify;\"><span style=\"color: #333333;\">The Personal Data that you provide to us may be compiled and stored in a database exclusively owned by the responsible party.<\/span><\/p>\n<p style=\"text-align: justify;\"><span style=\"color: #333333;\">We understand that you have given us your consent to transfer your Personal Data in accordance with Article 8, third paragraph; Article 10, Section IV, as well as Article 37, Sections IV, VI and VII of the Law. Protection of your Personal Data.<\/span><\/p>\n<p style=\"text-align: justify;\"><span style=\"color: #333333;\">Personal Data will be kept under the strictest privacy and may not be used for any purpose other than those mentioned above, unless there is a change in this Privacy Notice.<\/span><\/p>\n<p style=\"text-align: justify;\"><span style=\"color: #333333;\">It is important to inform you that you have the right to Access, Rectification and Cancellation of your personal data, to Oppose the treatment of the same or to revoke the consent that you have given us for this purpose.<\/span><\/p>\n<p style=\"text-align: justify;\"><span style=\"color: #333333;\">To do so, it is necessary to send the request in the terms set forth in Art. 29 of the Law to the person in charge of our Personal Data Protection Department via email to <a style=\"color: #333333;\" href=\"mailto:admin@neumaticadelta.com\">admin@neumaticadelta.com<\/a> or by calling +52 (818) 2542661. The Responsible will inform the holder, within a maximum period of 20 working days for the determination adopted in order that, if it is appropriate, the same becomes effective within fifteen working days from the date on which the response is communicated to the email that you provide us for such purposes.<\/span><\/p>\n<p style=\"text-align: justify;\"><span style=\"color: #333333;\"><strong>4. Changes in the Privacy Notice<\/strong><\/span><\/p>\n<p style=\"text-align: justify;\"><span style=\"color: #333333;\">The present Privacy Notice may undergo modifications, changes or updates derived from new legal requirements; from our own needs for the services we offer; from our privacy practices; from changes in our business model or for other causes. If there are any changes to this Privacy Notice, we will notify you via our website <a style=\"color: #333333;\" href=\"https:\/\/neumaticadelta.com\/en\/\"><strong>https:\/\/neumaticadelta.com<\/strong><\/a>.<\/span><\/p>\n<p style=\"text-align: justify;\"><span style=\"color: #333333;\">This Privacy Notice complies with the requirements of the Federal Law for the Protection of Personal Data in Possession of Individuals and its Regulations.<\/span><\/p>\n<p style=\"text-align: justify;\"><span style=\"color: #333333;\">Date of the last update of this Privacy Notice: 30\/01\/2024<\/span><\/p>\n\t\t\t\t\t\t\t\t<\/div>\n\t\t\t\t<\/div>\n\t\t\t\t\t<\/div>\n\t\t\t\t<\/div>\n\t\t\t\t<\/div>\n\t\t","protected":false},"excerpt":{"rendered":"<p>Privacy Policy Based on articles 15 and 16 of the Federal Law for the Protection of Personal Data in Possession of Individuals, we inform you that &#8220;Neum\u00e1tica, Vac\u00edo y Servicios Delta&#8221;, hereinafter also referred to as &#8220;The Responsible Party&#8221;, with domicile at: Condominio Torre IXCO, Av L\u00e1zaro C\u00e1rdenas, Zona San Agust\u00edn, San Pedro Garza Garc\u00eda, [&hellip;]<\/p>\n","protected":false},"author":1,"featured_media":0,"parent":0,"menu_order":0,"comment_status":"closed","ping_status":"open","template":"elementor_theme","meta":{"_joinchat":[],"footnotes":""},"class_list":["post-2411","page","type-page","status-publish","hentry"],"yoast_head":"<!-- This site is optimized with the Yoast SEO plugin v27.4 - https:\/\/yoast.com\/product\/yoast-seo-wordpress\/ -->\n<title>Neum\u00e1tica, Vac\u00edo y Servicios Delta - Privacy Policy<\/title>\n<meta name=\"description\" content=\"Please consider our privacy policies and data collection practices to offer you better services.\" \/>\n<meta name=\"robots\" content=\"noindex, nofollow\" \/>\n<meta property=\"og:locale\" content=\"en_US\" \/>\n<meta property=\"og:type\" content=\"article\" \/>\n<meta property=\"og:title\" content=\"Neum\u00e1tica, Vac\u00edo y Servicios Delta - Privacy Policy\" \/>\n<meta property=\"og:description\" content=\"Please consider our privacy policies and data collection practices to offer you better services.\" \/>\n<meta property=\"og:url\" content=\"https:\/\/neumaticadelta.com\/en\/privacy-policy\/\" \/>\n<meta property=\"og:site_name\" content=\"Neum\u00e1tica, Vac\u00edo y Servicios Delta\" \/>\n<meta property=\"article:modified_time\" content=\"2024-03-14T03:43:47+00:00\" \/>\n<meta name=\"twitter:card\" content=\"summary_large_image\" \/>\n<meta name=\"twitter:label1\" content=\"Est. reading time\" \/>\n\t<meta name=\"twitter:data1\" content=\"4 minutes\" \/>\n<script type=\"application\/ld+json\" class=\"yoast-schema-graph\">{\"@context\":\"https:\\\/\\\/schema.org\",\"@graph\":[{\"@type\":\"WebPage\",\"@id\":\"https:\\\/\\\/neumaticadelta.com\\\/en\\\/privacy-policy\\\/\",\"url\":\"https:\\\/\\\/neumaticadelta.com\\\/en\\\/privacy-policy\\\/\",\"name\":\"Neum\u00e1tica, Vac\u00edo y Servicios Delta - Privacy Policy\",\"isPartOf\":{\"@id\":\"https:\\\/\\\/neumaticadelta.com\\\/en\\\/#website\"},\"datePublished\":\"2024-02-02T01:27:32+00:00\",\"dateModified\":\"2024-03-14T03:43:47+00:00\",\"description\":\"Please consider our privacy policies and data collection practices to offer you better services.\",\"breadcrumb\":{\"@id\":\"https:\\\/\\\/neumaticadelta.com\\\/en\\\/privacy-policy\\\/#breadcrumb\"},\"inLanguage\":\"en-US\",\"potentialAction\":[{\"@type\":\"ReadAction\",\"target\":[\"https:\\\/\\\/neumaticadelta.com\\\/en\\\/privacy-policy\\\/\"]}]},{\"@type\":\"BreadcrumbList\",\"@id\":\"https:\\\/\\\/neumaticadelta.com\\\/en\\\/privacy-policy\\\/#breadcrumb\",\"itemListElement\":[{\"@type\":\"ListItem\",\"position\":1,\"name\":\"Portada\",\"item\":\"https:\\\/\\\/neumaticadelta.com\\\/en\\\/home\\\/\"},{\"@type\":\"ListItem\",\"position\":2,\"name\":\"Privacy Policy\"}]},{\"@type\":\"WebSite\",\"@id\":\"https:\\\/\\\/neumaticadelta.com\\\/en\\\/#website\",\"url\":\"https:\\\/\\\/neumaticadelta.com\\\/en\\\/\",\"name\":\"Neum\u00e1tica, Vac\u00edo y Servicios Delta\",\"description\":\"Distribuidor Autorizado Atlas Copco en Nuevo Le\u00f3n | M\u00e9xico\",\"publisher\":{\"@id\":\"https:\\\/\\\/neumaticadelta.com\\\/en\\\/#organization\"},\"potentialAction\":[{\"@type\":\"SearchAction\",\"target\":{\"@type\":\"EntryPoint\",\"urlTemplate\":\"https:\\\/\\\/neumaticadelta.com\\\/en\\\/?s={search_term_string}\"},\"query-input\":{\"@type\":\"PropertyValueSpecification\",\"valueRequired\":true,\"valueName\":\"search_term_string\"}}],\"inLanguage\":\"en-US\"},{\"@type\":\"Organization\",\"@id\":\"https:\\\/\\\/neumaticadelta.com\\\/en\\\/#organization\",\"name\":\"Neum\u00e1tica, Vac\u00edo y Servicios Delta\",\"url\":\"https:\\\/\\\/neumaticadelta.com\\\/en\\\/\",\"logo\":{\"@type\":\"ImageObject\",\"inLanguage\":\"en-US\",\"@id\":\"https:\\\/\\\/neumaticadelta.com\\\/en\\\/#\\\/schema\\\/logo\\\/image\\\/\",\"url\":\"https:\\\/\\\/neumaticadelta.com\\\/wp-content\\\/uploads\\\/2024\\\/02\\\/cropped-Logo-Neumatica-Delta.png\",\"contentUrl\":\"https:\\\/\\\/neumaticadelta.com\\\/wp-content\\\/uploads\\\/2024\\\/02\\\/cropped-Logo-Neumatica-Delta.png\",\"width\":512,\"height\":512,\"caption\":\"Neum\u00e1tica, Vac\u00edo y Servicios Delta\"},\"image\":{\"@id\":\"https:\\\/\\\/neumaticadelta.com\\\/en\\\/#\\\/schema\\\/logo\\\/image\\\/\"}}]}<\/script>\n<!-- \/ Yoast SEO plugin. -->","yoast_head_json":{"title":"Neum\u00e1tica, Vac\u00edo y Servicios Delta - Privacy Policy","description":"Please consider our privacy policies and data collection practices to offer you better services.","robots":{"index":"noindex","follow":"nofollow"},"og_locale":"en_US","og_type":"article","og_title":"Neum\u00e1tica, Vac\u00edo y Servicios Delta - Privacy Policy","og_description":"Please consider our privacy policies and data collection practices to offer you better services.","og_url":"https:\/\/neumaticadelta.com\/en\/privacy-policy\/","og_site_name":"Neum\u00e1tica, Vac\u00edo y Servicios Delta","article_modified_time":"2024-03-14T03:43:47+00:00","twitter_card":"summary_large_image","twitter_misc":{"Est. reading time":"4 minutes"},"schema":{"@context":"https:\/\/schema.org","@graph":[{"@type":"WebPage","@id":"https:\/\/neumaticadelta.com\/en\/privacy-policy\/","url":"https:\/\/neumaticadelta.com\/en\/privacy-policy\/","name":"Neum\u00e1tica, Vac\u00edo y Servicios Delta - Privacy Policy","isPartOf":{"@id":"https:\/\/neumaticadelta.com\/en\/#website"},"datePublished":"2024-02-02T01:27:32+00:00","dateModified":"2024-03-14T03:43:47+00:00","description":"Please consider our privacy policies and data collection practices to offer you better services.","breadcrumb":{"@id":"https:\/\/neumaticadelta.com\/en\/privacy-policy\/#breadcrumb"},"inLanguage":"en-US","potentialAction":[{"@type":"ReadAction","target":["https:\/\/neumaticadelta.com\/en\/privacy-policy\/"]}]},{"@type":"BreadcrumbList","@id":"https:\/\/neumaticadelta.com\/en\/privacy-policy\/#breadcrumb","itemListElement":[{"@type":"ListItem","position":1,"name":"Portada","item":"https:\/\/neumaticadelta.com\/en\/home\/"},{"@type":"ListItem","position":2,"name":"Privacy Policy"}]},{"@type":"WebSite","@id":"https:\/\/neumaticadelta.com\/en\/#website","url":"https:\/\/neumaticadelta.com\/en\/","name":"Neum\u00e1tica, Vac\u00edo y Servicios Delta","description":"Distribuidor Autorizado Atlas Copco en Nuevo Le\u00f3n | M\u00e9xico","publisher":{"@id":"https:\/\/neumaticadelta.com\/en\/#organization"},"potentialAction":[{"@type":"SearchAction","target":{"@type":"EntryPoint","urlTemplate":"https:\/\/neumaticadelta.com\/en\/?s={search_term_string}"},"query-input":{"@type":"PropertyValueSpecification","valueRequired":true,"valueName":"search_term_string"}}],"inLanguage":"en-US"},{"@type":"Organization","@id":"https:\/\/neumaticadelta.com\/en\/#organization","name":"Neum\u00e1tica, Vac\u00edo y Servicios Delta","url":"https:\/\/neumaticadelta.com\/en\/","logo":{"@type":"ImageObject","inLanguage":"en-US","@id":"https:\/\/neumaticadelta.com\/en\/#\/schema\/logo\/image\/","url":"https:\/\/neumaticadelta.com\/wp-content\/uploads\/2024\/02\/cropped-Logo-Neumatica-Delta.png","contentUrl":"https:\/\/neumaticadelta.com\/wp-content\/uploads\/2024\/02\/cropped-Logo-Neumatica-Delta.png","width":512,"height":512,"caption":"Neum\u00e1tica, Vac\u00edo y Servicios Delta"},"image":{"@id":"https:\/\/neumaticadelta.com\/en\/#\/schema\/logo\/image\/"}}]}},"_links":{"self":[{"href":"https:\/\/neumaticadelta.com\/en\/wp-json\/wp\/v2\/pages\/2411","targetHints":{"allow":["GET"]}}],"collection":[{"href":"https:\/\/neumaticadelta.com\/en\/wp-json\/wp\/v2\/pages"}],"about":[{"href":"https:\/\/neumaticadelta.com\/en\/wp-json\/wp\/v2\/types\/page"}],"author":[{"embeddable":true,"href":"https:\/\/neumaticadelta.com\/en\/wp-json\/wp\/v2\/users\/1"}],"replies":[{"embeddable":true,"href":"https:\/\/neumaticadelta.com\/en\/wp-json\/wp\/v2\/comments?post=2411"}],"version-history":[{"count":15,"href":"https:\/\/neumaticadelta.com\/en\/wp-json\/wp\/v2\/pages\/2411\/revisions"}],"predecessor-version":[{"id":2492,"href":"https:\/\/neumaticadelta.com\/en\/wp-json\/wp\/v2\/pages\/2411\/revisions\/2492"}],"wp:attachment":[{"href":"https:\/\/neumaticadelta.com\/en\/wp-json\/wp\/v2\/media?parent=2411"}],"curies":[{"name":"wp","href":"https:\/\/api.w.org\/{rel}","templated":true}]}}